{"id":13191,"date":"2022-05-17T16:27:43","date_gmt":"2022-05-17T14:27:43","guid":{"rendered":"https:\/\/www.bertoncellobpa.it\/?page_id=13191"},"modified":"2026-04-15T15:13:19","modified_gmt":"2026-04-15T13:13:19","slug":"consulenza-direzionale","status":"publish","type":"page","link":"https:\/\/www.bertoncellobpa.it\/it\/specializzazioni\/consulenza-direzionale\/","title":{"rendered":"Consulenza direzionale"},"content":{"rendered":"\t\t<div data-elementor-type=\"wp-page\" data-elementor-id=\"13191\" class=\"elementor elementor-13191\">\n\t\t\t\t\t\t<section class=\"elementor-section elementor-top-section elementor-element elementor-element-8959a58 elementor-section-full_width elementor-section-height-default elementor-section-height-default qodef-elementor-content-no\" data-id=\"8959a58\" data-element_type=\"section\">\n\t\t\t\t\t\t<div class=\"elementor-container elementor-column-gap-default\">\n\t\t\t\t\t<div class=\"elementor-column elementor-col-100 elementor-top-column elementor-element elementor-element-ae7e97d\" data-id=\"ae7e97d\" data-element_type=\"column\">\n\t\t\t<div class=\"elementor-widget-wrap elementor-element-populated\">\n\t\t\t\t\t\t<div class=\"elementor-element elementor-element-0644b83 elementor-widget elementor-widget-image\" data-id=\"0644b83\" data-element_type=\"widget\" data-widget_type=\"image.default\">\n\t\t\t\t<div class=\"elementor-widget-container\">\n\t\t\t<style>\/*! elementor - v3.21.0 - 26-05-2024 *\/\n.elementor-widget-image{text-align:center}.elementor-widget-image a{display:inline-block}.elementor-widget-image a img[src$=\".svg\"]{width:48px}.elementor-widget-image img{vertical-align:middle;display:inline-block}<\/style>\t\t\t\t\t\t\t\t\t\t<img decoding=\"async\" src=\"https:\/\/www.bertoncellobpa.it\/wp-content\/uploads\/elementor\/thumbs\/4-ppmdsylzoicenek288g9sx70kvsbh80nq4c1rq8cjs.png\" title=\"4\" alt=\"4\" loading=\"lazy\" \/>\t\t\t\t\t\t\t\t\t\t\t\t\t<\/div>\n\t\t\t\t<\/div>\n\t\t\t\t\t<\/div>\n\t\t<\/div>\n\t\t\t\t\t<\/div>\n\t\t<\/section>\n\t\t\t\t<section class=\"elementor-section elementor-top-section elementor-element elementor-element-b996c48 elementor-section-full_width elementor-section-height-default elementor-section-height-default qodef-elementor-content-no\" data-id=\"b996c48\" data-element_type=\"section\">\n\t\t\t\t\t\t<div class=\"elementor-container elementor-column-gap-default\">\n\t\t\t\t\t<div class=\"elementor-column elementor-col-100 elementor-top-column elementor-element elementor-element-d1da126\" data-id=\"d1da126\" data-element_type=\"column\">\n\t\t\t<div class=\"elementor-widget-wrap elementor-element-populated\">\n\t\t\t\t\t\t<div class=\"elementor-element elementor-element-be94b65 qodef-m-title elementor-widget elementor-widget-heading\" data-id=\"be94b65\" data-element_type=\"widget\" data-widget_type=\"heading.default\">\n\t\t\t\t<div class=\"elementor-widget-container\">\n\t\t\t<style>\/*! elementor - v3.21.0 - 26-05-2024 *\/\n.elementor-heading-title{padding:0;margin:0;line-height:1}.elementor-widget-heading .elementor-heading-title[class*=elementor-size-]>a{color:inherit;font-size:inherit;line-height:inherit}.elementor-widget-heading .elementor-heading-title.elementor-size-small{font-size:15px}.elementor-widget-heading .elementor-heading-title.elementor-size-medium{font-size:19px}.elementor-widget-heading .elementor-heading-title.elementor-size-large{font-size:29px}.elementor-widget-heading .elementor-heading-title.elementor-size-xl{font-size:39px}.elementor-widget-heading .elementor-heading-title.elementor-size-xxl{font-size:59px}<\/style><h3 class=\"elementor-heading-title elementor-size-default\">Consulenza direzionale<\/h3>\t\t<\/div>\n\t\t\t\t<\/div>\n\t\t\t\t\t<\/div>\n\t\t<\/div>\n\t\t\t\t\t<\/div>\n\t\t<\/section>\n\t\t\t\t<section class=\"elementor-section elementor-top-section elementor-element elementor-element-2442e4b elementor-section-full_width elementor-section-height-default elementor-section-height-default qodef-elementor-content-no\" data-id=\"2442e4b\" data-element_type=\"section\">\n\t\t\t\t\t\t<div class=\"elementor-container elementor-column-gap-default\">\n\t\t\t\t\t<div class=\"elementor-column elementor-col-100 elementor-top-column elementor-element elementor-element-9256108\" data-id=\"9256108\" data-element_type=\"column\">\n\t\t\t<div class=\"elementor-widget-wrap elementor-element-populated\">\n\t\t\t\t\t\t<div class=\"elementor-element elementor-element-b5ec444 elementor-widget elementor-widget-text-editor\" data-id=\"b5ec444\" data-element_type=\"widget\" data-widget_type=\"text-editor.default\">\n\t\t\t\t<div class=\"elementor-widget-container\">\n\t\t\t<style>\/*! elementor - v3.21.0 - 26-05-2024 *\/\n.elementor-widget-text-editor.elementor-drop-cap-view-stacked .elementor-drop-cap{background-color:#69727d;color:#fff}.elementor-widget-text-editor.elementor-drop-cap-view-framed .elementor-drop-cap{color:#69727d;border:3px solid;background-color:transparent}.elementor-widget-text-editor:not(.elementor-drop-cap-view-default) .elementor-drop-cap{margin-top:8px}.elementor-widget-text-editor:not(.elementor-drop-cap-view-default) .elementor-drop-cap-letter{width:1em;height:1em}.elementor-widget-text-editor .elementor-drop-cap{float:left;text-align:center;line-height:1;font-size:50px}.elementor-widget-text-editor .elementor-drop-cap-letter{display:inline-block}<\/style>\t\t\t\t<p>Accade spesso che l\u2019imprenditore sia concentrato sulle cose urgenti, che non sono sempre quelle importanti.<\/p><p>In questo il consulente \u00e8 di aiuto nello strutturare un percorso che dia maggiore consapevolezza dello stato attuale di fatto e della possibilit\u00e0 raggiungibili. \u00c8 anche di supporto nel processo di realizzazione di una maggiore autonomia della struttura, in una evoluzione da impresa \u201cpadronale\u201d ad impresa \u201cindustriale\u201d, capace di un\u2019analisi predittiva e non solo a consuntivo.<\/p><p>Analogamente, taluni progetti straordinari, molto spesso\u00a0<em>una tantum\u00a0<\/em>per la singola impresa, richiedono un\u2019esperienza maturata in contesti analoghi che aiuti a individuare soluzioni, condurre nel percorso delineato e, in ultima istanza, a superare l\u2019immobilismo che deriva dall\u2019incertezza.<\/p><p>Le attivit\u00e0 che svolgiamo in questo campo comprendono, in sintesi:<\/p><ul><li>la definizione delle procedure per l\u2019ottenimento di una reportistica periodica, trimestrale o mensile;<\/li><li>l\u2019analisi di bilancio (annuale e periodale) e degli equilibri economico, patrimoniale e finanziario;<\/li><li>implementazione del <em>costing<\/em> per la determinazione del costo pieno industriale dei prodotti e\/o delle BU;<\/li><li>implementazione del <em>budgeting <\/em>sia di cassa, sia economico\/patrimoniale;<\/li><li>analisi dell\u2019impresa rispetto ai <em>competitor<\/em>;<\/li><li>analisi di scenario (es. <em>stress test, <\/em>convenienza degli investimenti etc.); e<\/li><li>supporto nella predisposizione di business plan.<\/li><\/ul><p>Nell\u2019analisi dell\u2019andamento dei parametri aziendali \u00e8 di fondamentale importanza la tempestivit\u00e0. Per questo lo Studio ha implementato strumenti di <em>business intelligence<\/em> che consentono di elaborare grandi quantit\u00e0 di dati con un considerevole risparmio di tempo per l\u2019impresa ed una qualit\u00e0 del dato superiore rispetto ai metodi tradizionali.<\/p><p>Per fare ci\u00f2 e per assicurare sempre l\u2019avanguardia tecnica, lo Studio ha da tempo instaurato una stretta collaborazione con una societ\u00e0 IT specializzata, con la quale si strutturano i progetti in fase di implementazione.<\/p>\t\t\t\t\t\t<\/div>\n\t\t\t\t<\/div>\n\t\t\t\t\t<\/div>\n\t\t<\/div>\n\t\t\t\t\t<\/div>\n\t\t<\/section>\n\t\t\t\t<\/div>\n\t\t","protected":false},"excerpt":{"rendered":"<p>Consulenza direzionale Accade spesso che l\u2019imprenditore sia concentrato sulle cose urgenti, che non sono sempre quelle importanti. In questo il consulente \u00e8 di aiuto nello strutturare un percorso che dia maggiore consapevolezza dello stato attuale di fatto e della possibilit\u00e0 raggiungibili. \u00c8 anche di supporto nel processo di realizzazione di una maggiore autonomia della struttura, [&hellip;]<\/p>\n","protected":false},"author":1,"featured_media":0,"parent":6057,"menu_order":0,"comment_status":"closed","ping_status":"closed","template":"","meta":{"footnotes":""},"class_list":["post-13191","page","type-page","status-publish","hentry"],"_links":{"self":[{"href":"https:\/\/www.bertoncellobpa.it\/it\/wp-json\/wp\/v2\/pages\/13191","targetHints":{"allow":["GET"]}}],"collection":[{"href":"https:\/\/www.bertoncellobpa.it\/it\/wp-json\/wp\/v2\/pages"}],"about":[{"href":"https:\/\/www.bertoncellobpa.it\/it\/wp-json\/wp\/v2\/types\/page"}],"author":[{"embeddable":true,"href":"https:\/\/www.bertoncellobpa.it\/it\/wp-json\/wp\/v2\/users\/1"}],"replies":[{"embeddable":true,"href":"https:\/\/www.bertoncellobpa.it\/it\/wp-json\/wp\/v2\/comments?post=13191"}],"version-history":[{"count":76,"href":"https:\/\/www.bertoncellobpa.it\/it\/wp-json\/wp\/v2\/pages\/13191\/revisions"}],"predecessor-version":[{"id":14853,"href":"https:\/\/www.bertoncellobpa.it\/it\/wp-json\/wp\/v2\/pages\/13191\/revisions\/14853"}],"up":[{"embeddable":true,"href":"https:\/\/www.bertoncellobpa.it\/it\/wp-json\/wp\/v2\/pages\/6057"}],"wp:attachment":[{"href":"https:\/\/www.bertoncellobpa.it\/it\/wp-json\/wp\/v2\/media?parent=13191"}],"curies":[{"name":"wp","href":"https:\/\/api.w.org\/{rel}","templated":true}]}}