{"id":13795,"date":"2023-11-15T14:57:50","date_gmt":"2023-11-15T13:57:50","guid":{"rendered":"https:\/\/www.bertoncellobpa.it\/?page_id=13795"},"modified":"2026-04-15T15:17:53","modified_gmt":"2026-04-15T13:17:53","slug":"fiscalita-internazionale-business","status":"publish","type":"page","link":"https:\/\/www.bertoncellobpa.it\/it\/specializzazioni\/fiscalita-internazionale-business\/","title":{"rendered":"Fiscalit\u00e0 internazionale &#8211; Business"},"content":{"rendered":"\t\t<div data-elementor-type=\"wp-page\" data-elementor-id=\"13795\" class=\"elementor elementor-13795\">\n\t\t\t\t\t\t<section class=\"elementor-section elementor-top-section elementor-element elementor-element-8959a58 elementor-section-full_width elementor-section-height-default elementor-section-height-default qodef-elementor-content-no\" data-id=\"8959a58\" data-element_type=\"section\">\n\t\t\t\t\t\t<div class=\"elementor-container elementor-column-gap-default\">\n\t\t\t\t\t<div class=\"elementor-column elementor-col-100 elementor-top-column elementor-element elementor-element-ae7e97d\" data-id=\"ae7e97d\" data-element_type=\"column\">\n\t\t\t<div class=\"elementor-widget-wrap elementor-element-populated\">\n\t\t\t\t\t\t<div class=\"elementor-element elementor-element-0644b83 elementor-widget elementor-widget-image\" data-id=\"0644b83\" data-element_type=\"widget\" data-widget_type=\"image.default\">\n\t\t\t\t<div class=\"elementor-widget-container\">\n\t\t\t<style>\/*! elementor - v3.21.0 - 26-05-2024 *\/\n.elementor-widget-image{text-align:center}.elementor-widget-image a{display:inline-block}.elementor-widget-image a img[src$=\".svg\"]{width:48px}.elementor-widget-image img{vertical-align:middle;display:inline-block}<\/style>\t\t\t\t\t\t\t\t\t\t<img decoding=\"async\" src=\"https:\/\/www.bertoncellobpa.it\/wp-content\/uploads\/elementor\/thumbs\/Bertoncello-pagine-1-qpn4raoo6gcbdz4zef9tkbb7hdnhfq9xw6efrm4byg.png\" title=\"Bertoncello pagine\" alt=\"Bertoncello pagine\" loading=\"lazy\" \/>\t\t\t\t\t\t\t\t\t\t\t\t\t<\/div>\n\t\t\t\t<\/div>\n\t\t\t\t\t<\/div>\n\t\t<\/div>\n\t\t\t\t\t<\/div>\n\t\t<\/section>\n\t\t\t\t<section class=\"elementor-section elementor-top-section elementor-element elementor-element-b996c48 elementor-section-full_width elementor-section-height-default elementor-section-height-default qodef-elementor-content-no\" data-id=\"b996c48\" data-element_type=\"section\">\n\t\t\t\t\t\t<div class=\"elementor-container elementor-column-gap-default\">\n\t\t\t\t\t<div class=\"elementor-column elementor-col-100 elementor-top-column elementor-element elementor-element-d1da126\" data-id=\"d1da126\" data-element_type=\"column\">\n\t\t\t<div class=\"elementor-widget-wrap elementor-element-populated\">\n\t\t\t\t\t\t<div class=\"elementor-element elementor-element-be94b65 qodef-m-title elementor-widget elementor-widget-heading\" data-id=\"be94b65\" data-element_type=\"widget\" data-widget_type=\"heading.default\">\n\t\t\t\t<div class=\"elementor-widget-container\">\n\t\t\t<style>\/*! elementor - v3.21.0 - 26-05-2024 *\/\n.elementor-heading-title{padding:0;margin:0;line-height:1}.elementor-widget-heading .elementor-heading-title[class*=elementor-size-]>a{color:inherit;font-size:inherit;line-height:inherit}.elementor-widget-heading .elementor-heading-title.elementor-size-small{font-size:15px}.elementor-widget-heading .elementor-heading-title.elementor-size-medium{font-size:19px}.elementor-widget-heading .elementor-heading-title.elementor-size-large{font-size:29px}.elementor-widget-heading .elementor-heading-title.elementor-size-xl{font-size:39px}.elementor-widget-heading .elementor-heading-title.elementor-size-xxl{font-size:59px}<\/style><h3 class=\"elementor-heading-title elementor-size-default\">Fiscalit\u00e0 internazionale - Business<\/h3>\t\t<\/div>\n\t\t\t\t<\/div>\n\t\t\t\t\t<\/div>\n\t\t<\/div>\n\t\t\t\t\t<\/div>\n\t\t<\/section>\n\t\t\t\t<section class=\"elementor-section elementor-top-section elementor-element elementor-element-2442e4b elementor-section-full_width elementor-section-height-default elementor-section-height-default qodef-elementor-content-no\" data-id=\"2442e4b\" data-element_type=\"section\">\n\t\t\t\t\t\t<div class=\"elementor-container elementor-column-gap-default\">\n\t\t\t\t\t<div class=\"elementor-column elementor-col-100 elementor-top-column elementor-element elementor-element-9256108\" data-id=\"9256108\" data-element_type=\"column\">\n\t\t\t<div class=\"elementor-widget-wrap elementor-element-populated\">\n\t\t\t\t\t\t<div class=\"elementor-element elementor-element-b5ec444 elementor-widget elementor-widget-text-editor\" data-id=\"b5ec444\" data-element_type=\"widget\" data-widget_type=\"text-editor.default\">\n\t\t\t\t<div class=\"elementor-widget-container\">\n\t\t\t<style>\/*! elementor - v3.21.0 - 26-05-2024 *\/\n.elementor-widget-text-editor.elementor-drop-cap-view-stacked .elementor-drop-cap{background-color:#69727d;color:#fff}.elementor-widget-text-editor.elementor-drop-cap-view-framed .elementor-drop-cap{color:#69727d;border:3px solid;background-color:transparent}.elementor-widget-text-editor:not(.elementor-drop-cap-view-default) .elementor-drop-cap{margin-top:8px}.elementor-widget-text-editor:not(.elementor-drop-cap-view-default) .elementor-drop-cap-letter{width:1em;height:1em}.elementor-widget-text-editor .elementor-drop-cap{float:left;text-align:center;line-height:1;font-size:50px}.elementor-widget-text-editor .elementor-drop-cap-letter{display:inline-block}<\/style>\t\t\t\t<p>Il lavoro in un ambiente internazionale \u00e8 oramai parte della quotidianit\u00e0 per molte imprese, anche di medie e piccole dimensioni.<\/p><p>Ci\u00f2 rende quindi necessarie le dovute valutazioni sulle modalit\u00e0 con cui operare l\u2019internazionalizzazione, nei diversi stadi evolutivi dell\u2019impresa, in <em>compliance\u00a0<\/em>con la normativa fiscale domestica su temi come l\u2019internazionalizzazione attraverso stabili organizzazioni o controllate, gestendo il rischio dell\u2019esterovestizione e la disciplina sui prezzi di trasferimento (TP).<\/p><p>Per i propri clienti, lo Studio si pone anche come interfaccia con i consulenti locali di filiali estere, con esperienza, oltre che in Europa, negli Stati Uniti e in Africa.<\/p>\t\t\t\t\t\t<\/div>\n\t\t\t\t<\/div>\n\t\t\t\t\t<\/div>\n\t\t<\/div>\n\t\t\t\t\t<\/div>\n\t\t<\/section>\n\t\t\t\t<\/div>\n\t\t","protected":false},"excerpt":{"rendered":"<p>Fiscalit\u00e0 internazionale &#8211; Business Il lavoro in un ambiente internazionale \u00e8 oramai parte della quotidianit\u00e0 per molte imprese, anche di medie e piccole dimensioni. Ci\u00f2 rende quindi necessarie le dovute valutazioni sulle modalit\u00e0 con cui operare l\u2019internazionalizzazione, nei diversi stadi evolutivi dell\u2019impresa, in compliance\u00a0con la normativa fiscale domestica su temi come l\u2019internazionalizzazione attraverso stabili organizzazioni [&hellip;]<\/p>\n","protected":false},"author":1,"featured_media":0,"parent":6057,"menu_order":0,"comment_status":"closed","ping_status":"closed","template":"","meta":{"footnotes":""},"class_list":["post-13795","page","type-page","status-publish","hentry"],"_links":{"self":[{"href":"https:\/\/www.bertoncellobpa.it\/it\/wp-json\/wp\/v2\/pages\/13795","targetHints":{"allow":["GET"]}}],"collection":[{"href":"https:\/\/www.bertoncellobpa.it\/it\/wp-json\/wp\/v2\/pages"}],"about":[{"href":"https:\/\/www.bertoncellobpa.it\/it\/wp-json\/wp\/v2\/types\/page"}],"author":[{"embeddable":true,"href":"https:\/\/www.bertoncellobpa.it\/it\/wp-json\/wp\/v2\/users\/1"}],"replies":[{"embeddable":true,"href":"https:\/\/www.bertoncellobpa.it\/it\/wp-json\/wp\/v2\/comments?post=13795"}],"version-history":[{"count":24,"href":"https:\/\/www.bertoncellobpa.it\/it\/wp-json\/wp\/v2\/pages\/13795\/revisions"}],"predecessor-version":[{"id":14859,"href":"https:\/\/www.bertoncellobpa.it\/it\/wp-json\/wp\/v2\/pages\/13795\/revisions\/14859"}],"up":[{"embeddable":true,"href":"https:\/\/www.bertoncellobpa.it\/it\/wp-json\/wp\/v2\/pages\/6057"}],"wp:attachment":[{"href":"https:\/\/www.bertoncellobpa.it\/it\/wp-json\/wp\/v2\/media?parent=13795"}],"curies":[{"name":"wp","href":"https:\/\/api.w.org\/{rel}","templated":true}]}}